{"id":697,"date":"2025-04-30T20:40:04","date_gmt":"2025-04-30T17:40:04","guid":{"rendered":"https:\/\/apcb.ro\/research-center\/"},"modified":"2025-08-31T01:59:58","modified_gmt":"2025-08-30T22:59:58","slug":"research-center","status":"publish","type":"page","link":"https:\/\/apcb.ro\/en\/research-center\/","title":{"rendered":"Research Center"},"content":{"rendered":"<p>[et_pb_section fb_built=&#8221;1&#8243; disabled_on=&#8221;off|off|off&#8221; admin_label=&#8221;Header&#8221; _builder_version=&#8221;4.27.4&#8243; _module_preset=&#8221;default&#8221; background_color=&#8221;#a1b7af&#8221; background_image=&#8221;https:\/\/apcb.ro\/wp-content\/uploads\/2025\/03\/fundal-3-scaled.webp&#8221; background_position=&#8221;bottom_right&#8221; background_blend=&#8221;multiply&#8221; collapsed=&#8221;on&#8221; global_colors_info=&#8221;{}&#8221;][et_pb_row _builder_version=&#8221;4.27.4&#8243; _module_preset=&#8221;default&#8221; custom_padding=&#8221;0px||0px||true|false&#8221; animation_direction=&#8221;bottom&#8221; global_colors_info=&#8221;{}&#8221;][et_pb_column type=&#8221;4_4&#8243; _builder_version=&#8221;4.19.2&#8243; _module_preset=&#8221;default&#8221; global_colors_info=&#8221;{}&#8221;][et_pb_text _builder_version=&#8221;4.27.4&#8243; _module_preset=&#8221;b28d509d-61f8-46c8-9198-45d04076d349&#8243; text_text_color=&#8221;#333333&#8243; custom_margin=&#8221;||10px||false|false&#8221; animation_style=&#8221;slide&#8221; animation_direction=&#8221;bottom&#8221; animation_intensity_slide=&#8221;10%&#8221; header_text_color_tablet=&#8221;#000000&#8243; header_text_color_phone=&#8221;#000000&#8243; header_text_color_last_edited=&#8221;on|desktop&#8221; global_colors_info=&#8221;{}&#8221;]<\/p>\n<h1>Research Center<\/h1>\n<p>[\/et_pb_text][et_pb_text _builder_version=&#8221;4.27.4&#8243; _module_preset=&#8221;5fa0b1c7-d777-49f8-be44-ed25c8208768&#8243; header_2_text_color=&#8221;#000000&#8243; header_2_font_size=&#8221;32px&#8221; animation_style=&#8221;slide&#8221; animation_direction=&#8221;bottom&#8221; animation_intensity_slide=&#8221;10%&#8221; header_2_font_size_tablet=&#8221;32px&#8221; header_2_font_size_phone=&#8221;32px&#8221; global_colors_info=&#8221;{}&#8221;]<\/p>\n<h2>&#8220;Nicolae Ursu&#8221; Ethno-Musicological Research Center and Banat Collection of Ethnomusicological Restitutions<\/h2>\n<p>[\/et_pb_text][\/et_pb_column][\/et_pb_row][et_pb_row column_structure=&#8221;1_2,1_2&#8243; disabled_on=&#8221;on|on|off&#8221; _builder_version=&#8221;4.27.4&#8243; _module_preset=&#8221;default&#8221; hover_enabled=&#8221;0&#8243; global_colors_info=&#8221;{}&#8221; use_custom_gutter=&#8221;on&#8221; gutter_width=&#8221;3&#8243; sticky_enabled=&#8221;0&#8243;][et_pb_column type=&#8221;1_2&#8243; _builder_version=&#8221;4.19.2&#8243; _module_preset=&#8221;default&#8221; global_colors_info=&#8221;{}&#8221;][et_pb_text _builder_version=&#8221;4.27.4&#8243; _module_preset=&#8221;e3006fe3-bd0f-421a-8256-44215653fa0d&#8221; custom_margin=&#8221;||30px||false|false&#8221; animation_style=&#8221;slide&#8221; animation_direction=&#8221;bottom&#8221; animation_intensity_slide=&#8221;10%&#8221; hover_enabled=&#8221;0&#8243; global_colors_info=&#8221;{}&#8221; sticky_enabled=&#8221;0&#8243;]<\/p>\n<p>Benefiting from the professional expertise and quality of scientific and cultural contributions of its members, the NICOLAE URSU ETHNO-MUSICOLOGICAL RESEARCH CENTER was established in 2022 as an integral part of the ASSOCIATION FOR BANAT CULTURE.<\/p>\n<p>[\/et_pb_text][et_pb_text _builder_version=&#8221;4.27.4&#8243; _module_preset=&#8221;e3006fe3-bd0f-421a-8256-44215653fa0d&#8221; custom_margin=&#8221;||30px||false|false&#8221; animation_style=&#8221;slide&#8221; animation_direction=&#8221;bottom&#8221; animation_intensity_slide=&#8221;10%&#8221; global_colors_info=&#8221;{}&#8221;]<\/p>\n<p>Our initiative was supported by Timotei Ursu \u2013 son of the distinguished university professor, folklorist, and Banat composer Nicolae Ursu, as a sign of tribute, appreciation, and also unconditional support for our present and future scientific endeavors.<\/p>\n<p>[\/et_pb_text][\/et_pb_column][et_pb_column type=&#8221;1_2&#8243; _builder_version=&#8221;4.19.2&#8243; _module_preset=&#8221;default&#8221; global_colors_info=&#8221;{}&#8221;][et_pb_text _builder_version=&#8221;4.27.4&#8243; _module_preset=&#8221;e3006fe3-bd0f-421a-8256-44215653fa0d&#8221; custom_margin=&#8221;||30px||false|false&#8221; animation_style=&#8221;slide&#8221; animation_direction=&#8221;bottom&#8221; animation_intensity_slide=&#8221;10%&#8221; global_colors_info=&#8221;{}&#8221;]<\/p>\n<p>The urgent need for establishment \u2013 a premiere in the field of Ethno-Musicology \u2013 was created by the impasse, stagnation, and even non-existence before and after 1990 of research concerns regarding Banat musical folklore due to multiple factors. Our efforts ensure continuity towards understanding and valorizing the contributions of Banat folklorists from the beginning of the last century and especially the contributions of current research. <\/p>\n<p>[\/et_pb_text][et_pb_text _builder_version=&#8221;4.27.4&#8243; _module_preset=&#8221;e3006fe3-bd0f-421a-8256-44215653fa0d&#8221; custom_margin=&#8221;||30px||false|false&#8221; animation_style=&#8221;slide&#8221; animation_direction=&#8221;bottom&#8221; animation_intensity_slide=&#8221;10%&#8221; global_colors_info=&#8221;{}&#8221;]<\/p>\n<p>Our goal thus creates the BANAT COLLECTION OF ETHNOMUSICOLOGICAL RESTITUTIONS aimed at restoring, restituting, and providing interdisciplinary and syncretic interpretation of our cultural and scientific heritage values.<\/p>\n<p>[\/et_pb_text][\/et_pb_column][\/et_pb_row][et_pb_row disabled_on=&#8221;off|off|on&#8221; _builder_version=&#8221;4.27.4&#8243; _module_preset=&#8221;default&#8221; global_colors_info=&#8221;{}&#8221;][et_pb_column type=&#8221;4_4&#8243; _builder_version=&#8221;4.19.2&#8243; _module_preset=&#8221;default&#8221; global_colors_info=&#8221;{}&#8221;][et_pb_text _builder_version=&#8221;4.27.4&#8243; _module_preset=&#8221;e3006fe3-bd0f-421a-8256-44215653fa0d&#8221; custom_margin=&#8221;||30px||false|false&#8221; animation_style=&#8221;slide&#8221; animation_direction=&#8221;bottom&#8221; animation_intensity_slide=&#8221;10%&#8221; global_colors_info=&#8221;{}&#8221;]<\/p>\n<p>Benefiting from the professional expertise and quality of scientific and cultural contributions of its members, the NICOLAE URSU ETHNO-MUSICOLOGICAL RESEARCH CENTER was established in 2022 as an integral part of the ASSOCIATION FOR BANAT CULTURE.<\/p>\n<p>[\/et_pb_text][et_pb_text _builder_version=&#8221;4.27.4&#8243; _module_preset=&#8221;e3006fe3-bd0f-421a-8256-44215653fa0d&#8221; custom_margin=&#8221;||30px||false|false&#8221; animation_style=&#8221;slide&#8221; animation_direction=&#8221;bottom&#8221; animation_intensity_slide=&#8221;10%&#8221; global_colors_info=&#8221;{}&#8221;]<\/p>\n<p>Our initiative was supported by Timotei Ursu \u2013 son of the distinguished university professor, folklorist, and Banat composer Nicolae Ursu, as a sign of tribute, appreciation, and also unconditional support for our present and future scientific endeavors.<\/p>\n<p>[\/et_pb_text][et_pb_text _builder_version=&#8221;4.27.4&#8243; _module_preset=&#8221;e3006fe3-bd0f-421a-8256-44215653fa0d&#8221; custom_margin=&#8221;||30px||false|false&#8221; animation_style=&#8221;slide&#8221; animation_direction=&#8221;bottom&#8221; animation_intensity_slide=&#8221;10%&#8221; global_colors_info=&#8221;{}&#8221;]<\/p>\n<p>The urgent need for establishment \u2013 a premiere in the field of Ethno-Musicology \u2013 was created by the impasse, stagnation, and even non-existence before and after 1990 of research concerns regarding Banat musical folklore due to multiple factors. Our efforts ensure continuity towards understanding and valorizing the contributions of Banat folklorists from the beginning of the last century and especially the contributions of current research. <\/p>\n<p>[\/et_pb_text][et_pb_text _builder_version=&#8221;4.27.4&#8243; _module_preset=&#8221;e3006fe3-bd0f-421a-8256-44215653fa0d&#8221; custom_margin=&#8221;||30px||false|false&#8221; animation_style=&#8221;slide&#8221; animation_direction=&#8221;bottom&#8221; animation_intensity_slide=&#8221;10%&#8221; global_colors_info=&#8221;{}&#8221;]<\/p>\n<p>Our goal thus creates the BANAT COLLECTION OF ETHNOMUSICOLOGICAL RESTITUTIONS aimed at restoring, restituting, and providing interdisciplinary and syncretic interpretation of our cultural and scientific heritage values.<\/p>\n<p>[\/et_pb_text][\/et_pb_column][\/et_pb_row][et_pb_row column_structure=&#8221;1_3,1_3,1_3&#8243; _builder_version=&#8221;4.27.4&#8243; _module_preset=&#8221;default&#8221; hover_enabled=&#8221;0&#8243; global_colors_info=&#8221;{}&#8221; use_custom_gutter=&#8221;on&#8221; gutter_width=&#8221;3&#8243; sticky_enabled=&#8221;0&#8243;][et_pb_column type=&#8221;1_3&#8243; _builder_version=&#8221;4.27.4&#8243; _module_preset=&#8221;default&#8221; animation_style=&#8221;slide&#8221; animation_direction=&#8221;bottom&#8221; animation_intensity_slide=&#8221;10%&#8221; global_colors_info=&#8221;{}&#8221;][et_pb_image src=&#8221;https:\/\/apcb.ro\/wp-content\/uploads\/2025\/04\/Carte-Nicolae-Ursu.webp&#8221; title_text=&#8221;Carte Nicolae Ursu&#8221; _builder_version=&#8221;4.27.4&#8243; _module_preset=&#8221;default&#8221; animation_style=&#8221;slide&#8221; animation_direction=&#8221;bottom&#8221; animation_intensity_slide=&#8221;10%&#8221; border_radii=&#8221;off|30px|||&#8221; global_colors_info=&#8221;{}&#8221;][\/et_pb_image][\/et_pb_column][et_pb_column type=&#8221;1_3&#8243; _builder_version=&#8221;4.27.4&#8243; _module_preset=&#8221;default&#8221; animation_style=&#8221;slide&#8221; animation_direction=&#8221;bottom&#8221; animation_intensity_slide=&#8221;10%&#8221; global_colors_info=&#8221;{}&#8221;][et_pb_image src=&#8221;https:\/\/apcb.ro\/wp-content\/uploads\/2025\/04\/Carte-Sabin-Dragoi-122.webp&#8221; title_text=&#8221;Carte Sabin Dragoi 122&#8243; _builder_version=&#8221;4.27.4&#8243; _module_preset=&#8221;default&#8221; animation_style=&#8221;slide&#8221; animation_direction=&#8221;bottom&#8221; animation_intensity_slide=&#8221;10%&#8221; border_radii=&#8221;off|30px|||&#8221; global_colors_info=&#8221;{}&#8221;][\/et_pb_image][\/et_pb_column][et_pb_column type=&#8221;1_3&#8243; _builder_version=&#8221;4.27.4&#8243; _module_preset=&#8221;default&#8221; animation_style=&#8221;slide&#8221; animation_direction=&#8221;bottom&#8221; animation_intensity_slide=&#8221;10%&#8221; global_colors_info=&#8221;{}&#8221;][et_pb_image src=&#8221;https:\/\/apcb.ro\/wp-content\/uploads\/2025\/04\/Carte-Sabin-Dragoi-303-Colinde2.jpg&#8221; title_text=&#8221;Carte Sabin Dragoi 303 Colinde2&#8243; _builder_version=&#8221;4.27.4&#8243; _module_preset=&#8221;default&#8221; animation_style=&#8221;slide&#8221; animation_direction=&#8221;bottom&#8221; animation_intensity_slide=&#8221;10%&#8221; border_radii=&#8221;off|30px|||&#8221; global_colors_info=&#8221;{}&#8221;][\/et_pb_image][\/et_pb_column][\/et_pb_row][et_pb_row column_structure=&#8221;1_2,1_2&#8243; _builder_version=&#8221;4.27.4&#8243; _module_preset=&#8221;default&#8221; hover_enabled=&#8221;0&#8243; global_colors_info=&#8221;{}&#8221; use_custom_gutter=&#8221;on&#8221; gutter_width=&#8221;3&#8243; sticky_enabled=&#8221;0&#8243;][et_pb_column type=&#8221;1_2&#8243; _builder_version=&#8221;4.19.2&#8243; _module_preset=&#8221;default&#8221; global_colors_info=&#8221;{}&#8221;][et_pb_text _builder_version=&#8221;4.27.4&#8243; _module_preset=&#8221;e3006fe3-bd0f-421a-8256-44215653fa0d&#8221; custom_margin=&#8221;||30px||false|false&#8221; animation_style=&#8221;slide&#8221; animation_direction=&#8221;bottom&#8221; animation_intensity_slide=&#8221;10%&#8221; global_colors_info=&#8221;{}&#8221;]<\/p>\n<p><strong>Research directions in the field of Ethno-Musicology and interdisciplinary sciences: <\/strong><\/p>\n<ul>\n<li>Organization of scientific conferences and meetings at local, regional, national, and international levels<\/li>\n<li>Creating partnerships and research projects between specialists in the Balkan region<\/li>\n<li>Implementation of national and international initiatives<\/li>\n<li>Establishment of specialized journals<\/li>\n<li>Partnerships with all university and cultural institutions in the Balkans<\/li>\n<li>Projects within cultural communities of ethnic groups in Romania and the Balkans as an approach to highlight our common heritage<\/li>\n<li>Consultancy, scientific expertise, musical archives, artistic creation, book presentations<\/li>\n<li>Restoration and restitution of reference volumes and integration of publications in university and international bibliography<\/li>\n<li>Applicable consultancy on viable projects for master&#8217;s and doctoral students based on modern scientific research methodologies in Musicology and Ethnomusicology<\/li>\n<\/ul>\n<p>[\/et_pb_text][et_pb_image src=&#8221;https:\/\/apcb.ro\/wp-content\/uploads\/2025\/04\/Lucian-Emil-Rosca-1-copy.webp&#8221; title_text=&#8221;Lucian Emil Rosca 1 copy&#8221; _builder_version=&#8221;4.27.4&#8243; _module_preset=&#8221;default&#8221; max_width=&#8221;200px&#8221; animation_style=&#8221;slide&#8221; animation_direction=&#8221;bottom&#8221; animation_intensity_slide=&#8221;10%&#8221; border_radii=&#8221;on|30px|30px|30px|30px&#8221; global_colors_info=&#8221;{}&#8221;][\/et_pb_image][et_pb_text _builder_version=&#8221;4.27.4&#8243; _module_preset=&#8221;e3006fe3-bd0f-421a-8256-44215653fa0d&#8221; custom_margin=&#8221;||30px||false|false&#8221; animation_style=&#8221;slide&#8221; animation_direction=&#8221;bottom&#8221; animation_intensity_slide=&#8221;10%&#8221; global_colors_info=&#8221;{}&#8221;]<\/p>\n<p><strong>Professor Dr. Lucian Emil Ro\u0219ca<\/strong><br \/>DIRECTOR OF THE RESEARCH CENTER AND COLLECTION<\/p>\n<ul><\/ul>\n<p>[\/et_pb_text][\/et_pb_column][et_pb_column type=&#8221;1_2&#8243; _builder_version=&#8221;4.19.2&#8243; _module_preset=&#8221;default&#8221; global_colors_info=&#8221;{}&#8221;][et_pb_text _builder_version=&#8221;4.27.4&#8243; _module_preset=&#8221;e3006fe3-bd0f-421a-8256-44215653fa0d&#8221; custom_margin=&#8221;||30px||false|false&#8221; animation_style=&#8221;slide&#8221; animation_direction=&#8221;bottom&#8221; animation_intensity_slide=&#8221;10%&#8221; global_colors_info=&#8221;{}&#8221;]<\/p>\n<p><strong>Scientific Council:<\/strong><br \/>Acad. Cosma Octavian Laz\u0103r<br \/>Prof.Dr.Habil. M\u0103d\u0103lina Rucsanda<br \/>Prof.Dr.Habil. Lucian Emil Ro\u0219ca<br \/>Assoc.Prof.Dr.Habil. Ion Alexandru Ardereanu<br \/>Assoc.Prof.Dr. Traian Penciu<br \/>Lect.Dr. Adrian C\u0103lin Boba<br \/>Assoc.Prof.Dr. Minga Mikaela<br \/>Dr. Franz Metz (Germany)<br \/>Prof.Dr. Panea Nicolae<br \/>Dr. Jelena Jovanovi\u0107 (Serbia)<br \/>Dr. Dejan Popov<br \/>Prof.Dr. Janevski Vladimir (North Macedonia)<br \/>Dr. Marjanovi\u0107 Nata\u0161a (Serbia)<br \/>Prof.Dr. Pani\u0107 Ka\u0161anski Dragica (Bosnia-Herzegovina)<br \/>Dr.Cand. Lavinius Nikolajevi\u0107           <\/p>\n<ul><\/ul>\n<p>[\/et_pb_text][et_pb_text _builder_version=&#8221;4.27.4&#8243; _module_preset=&#8221;e3006fe3-bd0f-421a-8256-44215653fa0d&#8221; custom_margin=&#8221;||30px||false|false&#8221; animation_style=&#8221;slide&#8221; animation_direction=&#8221;bottom&#8221; animation_intensity_slide=&#8221;10%&#8221; global_colors_info=&#8221;{}&#8221;]<\/p>\n<p><strong>Associate Members:<\/strong><br \/>Prof.Dr.Habil. Veronica Demenescu<br \/>Dr. Constantin-Tufan Stan<br \/>Assist.Prof.Dr. Maria Enescu<br \/>Dr. Dumitru Jompan<br \/>Dr. (architect) Vlad Spatariu<br \/>Dr. Andra Barbul<br \/>Dr. Ion Traia  <\/p>\n<ul><\/ul>\n<p>[\/et_pb_text][et_pb_text _builder_version=&#8221;4.27.4&#8243; _module_preset=&#8221;e3006fe3-bd0f-421a-8256-44215653fa0d&#8221; custom_margin=&#8221;||30px||false|false&#8221; animation_style=&#8221;slide&#8221; animation_direction=&#8221;bottom&#8221; animation_intensity_slide=&#8221;10%&#8221; global_colors_info=&#8221;{}&#8221;]<\/p>\n<p><strong>Doctoral Students:<\/strong><br \/>PhD Cand. Adrian Balla<br \/>PhD Student Drago\u0219 Dinescu<br \/>PhD Student C\u0103t\u0103lin Iancu   <\/p>\n<ul><\/ul>\n<p>[\/et_pb_text][\/et_pb_column][\/et_pb_row][\/et_pb_section][et_pb_section fb_built=&#8221;1&#8243; _builder_version=&#8221;4.27.4&#8243; _module_preset=&#8221;default&#8221; global_colors_info=&#8221;{}&#8221;][et_pb_row column_structure=&#8221;1_3,1_3,1_3&#8243; _builder_version=&#8221;4.27.4&#8243; _module_preset=&#8221;default&#8221; hover_enabled=&#8221;0&#8243; global_colors_info=&#8221;{}&#8221; use_custom_gutter=&#8221;on&#8221; gutter_width=&#8221;3&#8243; sticky_enabled=&#8221;0&#8243;][et_pb_column type=&#8221;1_3&#8243; _builder_version=&#8221;4.27.4&#8243; _module_preset=&#8221;default&#8221; global_colors_info=&#8221;{}&#8221;][et_pb_text _builder_version=&#8221;4.27.4&#8243; _module_preset=&#8221;5fa0b1c7-d777-49f8-be44-ed25c8208768&#8243; header_2_text_color=&#8221;#000000&#8243; header_2_font_size=&#8221;32px&#8221; animation_style=&#8221;slide&#8221; animation_direction=&#8221;bottom&#8221; animation_intensity_slide=&#8221;10%&#8221; header_2_font_size_tablet=&#8221;32px&#8221; header_2_font_size_phone=&#8221;32px&#8221; global_colors_info=&#8221;{}&#8221;]<\/p>\n<h2>RESEARCH AND STUDIES JOURNAL<\/h2>\n<p>[\/et_pb_text][et_pb_button button_url=&#8221;https:\/\/cs-embe.ro\/&#8221; button_text=&#8221;Website Journal&#8221; _builder_version=&#8221;4.27.4&#8243; _module_preset=&#8221;3caa01ff-558e-4813-91aa-71996b61dd58&#8243; animation_style=&#8221;slide&#8221; animation_direction=&#8221;bottom&#8221; animation_intensity_slide=&#8221;10%&#8221; hover_enabled=&#8221;0&#8243; global_colors_info=&#8221;{}&#8221; sticky_enabled=&#8221;0&#8243;][\/et_pb_button][\/et_pb_column][et_pb_column type=&#8221;1_3&#8243; _builder_version=&#8221;4.27.4&#8243; _module_preset=&#8221;default&#8221; global_colors_info=&#8221;{}&#8221;][et_pb_text _builder_version=&#8221;4.27.4&#8243; _module_preset=&#8221;default&#8221; text_text_color=&#8221;#040404&#8243; animation_style=&#8221;slide&#8221; animation_direction=&#8221;bottom&#8221; animation_intensity_slide=&#8221;10%&#8221; global_colors_info=&#8221;{}&#8221;]<\/p>\n<p>The Research and Studies Journal. Ethno-Musicology, Byzantinology, and Ethnology supports culture and scientific news through its website www.cs-embe.ro with free access in both printed and online formats without restrictions, including financial ones. <\/p>\n<p>[\/et_pb_text][\/et_pb_column][et_pb_column type=&#8221;1_3&#8243; _builder_version=&#8221;4.27.4&#8243; _module_preset=&#8221;default&#8221; global_colors_info=&#8221;{}&#8221;][et_pb_text _builder_version=&#8221;4.27.4&#8243; _module_preset=&#8221;default&#8221; text_text_color=&#8221;#040404&#8243; animation_style=&#8221;slide&#8221; animation_direction=&#8221;bottom&#8221; animation_intensity_slide=&#8221;10%&#8221; global_colors_info=&#8221;{}&#8221;]<\/p>\n<div><span>Creating a journal whose appearance had been awaited for more than fifty years, the scientific contributions appearing in the journal are of international relevance \u2013 as a result of university and academic involvement in musical folklore research \u2013 in parallel with other interdisciplinary fields.<\/span><\/div>\n<p>&nbsp;<\/p>\n<p>[\/et_pb_text][\/et_pb_column][\/et_pb_row][\/et_pb_section]<\/p>\n","protected":false},"excerpt":{"rendered":"<p>Research Center&#8221;Nicolae Ursu&#8221; Ethno-Musicological Research Center and Banat Collection of Ethnomusicological RestitutionsBenefiting from the professional expertise and quality of scientific and cultural contributions of its members, the NICOLAE URSU ETHNO-MUSICOLOGICAL RESEARCH CENTER was established in 2022 as an integral part of the ASSOCIATION FOR BANAT CULTURE.Our initiative was supported by Timotei Ursu \u2013 son of [&hellip;]<\/p>\n","protected":false},"author":1,"featured_media":0,"parent":0,"menu_order":0,"comment_status":"closed","ping_status":"closed","template":"","meta":{"_et_pb_use_builder":"on","_et_pb_old_content":"","_et_gb_content_width":"","_monsterinsights_skip_tracking":false,"_monsterinsights_sitenote_active":false,"_monsterinsights_sitenote_note":"","_monsterinsights_sitenote_category":0,"footnotes":""},"class_list":["post-697","page","type-page","status-publish","hentry"],"yoast_head":"<!-- This site is optimized with the Yoast SEO plugin v26.8 - https:\/\/yoast.com\/product\/yoast-seo-wordpress\/ -->\n<title>Research Center - Asocia\u021bia pentru Cultur\u0103 B\u0103n\u0103\u021bean\u0103 din Timi\u0219oara<\/title>\n<meta name=\"robots\" content=\"index, follow, max-snippet:-1, max-image-preview:large, max-video-preview:-1\" \/>\n<link rel=\"canonical\" href=\"https:\/\/apcb.ro\/en\/research-center\/\" \/>\n<meta property=\"og:locale\" content=\"en_US\" \/>\n<meta property=\"og:type\" content=\"article\" \/>\n<meta property=\"og:title\" content=\"Research Center - Asocia\u021bia pentru Cultur\u0103 B\u0103n\u0103\u021bean\u0103 din Timi\u0219oara\" \/>\n<meta property=\"og:description\" content=\"Research Center&quot;Nicolae Ursu&quot; Ethno-Musicological Research Center and Banat Collection of Ethnomusicological RestitutionsBenefiting from the professional expertise and quality of scientific and cultural contributions of its members, the NICOLAE URSU ETHNO-MUSICOLOGICAL RESEARCH CENTER was established in 2022 as an integral part of the ASSOCIATION FOR BANAT CULTURE.Our initiative was supported by Timotei Ursu \u2013 son of [&hellip;]\" \/>\n<meta property=\"og:url\" content=\"https:\/\/apcb.ro\/en\/research-center\/\" \/>\n<meta property=\"og:site_name\" content=\"Asocia\u021bia pentru Cultur\u0103 B\u0103n\u0103\u021bean\u0103 din Timi\u0219oara\" \/>\n<meta property=\"article:modified_time\" content=\"2025-08-30T22:59:58+00:00\" \/>\n<meta name=\"twitter:card\" content=\"summary_large_image\" \/>\n<meta name=\"twitter:label1\" content=\"Est. reading time\" \/>\n\t<meta name=\"twitter:data1\" content=\"10 minutes\" \/>\n<script type=\"application\/ld+json\" class=\"yoast-schema-graph\">{\"@context\":\"https:\/\/schema.org\",\"@graph\":[{\"@type\":\"WebPage\",\"@id\":\"https:\/\/apcb.ro\/en\/research-center\/\",\"url\":\"https:\/\/apcb.ro\/en\/research-center\/\",\"name\":\"Research Center - Asocia\u021bia pentru Cultur\u0103 B\u0103n\u0103\u021bean\u0103 din Timi\u0219oara\",\"isPartOf\":{\"@id\":\"https:\/\/apcb.ro\/#website\"},\"datePublished\":\"2025-04-30T17:40:04+00:00\",\"dateModified\":\"2025-08-30T22:59:58+00:00\",\"breadcrumb\":{\"@id\":\"https:\/\/apcb.ro\/en\/research-center\/#breadcrumb\"},\"inLanguage\":\"en-US\",\"potentialAction\":[{\"@type\":\"ReadAction\",\"target\":[\"https:\/\/apcb.ro\/en\/research-center\/\"]}]},{\"@type\":\"BreadcrumbList\",\"@id\":\"https:\/\/apcb.ro\/en\/research-center\/#breadcrumb\",\"itemListElement\":[{\"@type\":\"ListItem\",\"position\":1,\"name\":\"Prima pagin\u0103\",\"item\":\"https:\/\/apcb.ro\/en\/\"},{\"@type\":\"ListItem\",\"position\":2,\"name\":\"Research Center\"}]},{\"@type\":\"WebSite\",\"@id\":\"https:\/\/apcb.ro\/#website\",\"url\":\"https:\/\/apcb.ro\/\",\"name\":\"Asocia\u021bia pentru Cultur\u0103 B\u0103n\u0103\u021bean\u0103 din Timi\u0219oara\",\"description\":\"apcb\",\"potentialAction\":[{\"@type\":\"SearchAction\",\"target\":{\"@type\":\"EntryPoint\",\"urlTemplate\":\"https:\/\/apcb.ro\/?s={search_term_string}\"},\"query-input\":{\"@type\":\"PropertyValueSpecification\",\"valueRequired\":true,\"valueName\":\"search_term_string\"}}],\"inLanguage\":\"en-US\"}]}<\/script>\n<!-- \/ Yoast SEO plugin. -->","yoast_head_json":{"title":"Research Center - Asocia\u021bia pentru Cultur\u0103 B\u0103n\u0103\u021bean\u0103 din Timi\u0219oara","robots":{"index":"index","follow":"follow","max-snippet":"max-snippet:-1","max-image-preview":"max-image-preview:large","max-video-preview":"max-video-preview:-1"},"canonical":"https:\/\/apcb.ro\/en\/research-center\/","og_locale":"en_US","og_type":"article","og_title":"Research Center - Asocia\u021bia pentru Cultur\u0103 B\u0103n\u0103\u021bean\u0103 din Timi\u0219oara","og_description":"Research Center\"Nicolae Ursu\" Ethno-Musicological Research Center and Banat Collection of Ethnomusicological RestitutionsBenefiting from the professional expertise and quality of scientific and cultural contributions of its members, the NICOLAE URSU ETHNO-MUSICOLOGICAL RESEARCH CENTER was established in 2022 as an integral part of the ASSOCIATION FOR BANAT CULTURE.Our initiative was supported by Timotei Ursu \u2013 son of [&hellip;]","og_url":"https:\/\/apcb.ro\/en\/research-center\/","og_site_name":"Asocia\u021bia pentru Cultur\u0103 B\u0103n\u0103\u021bean\u0103 din Timi\u0219oara","article_modified_time":"2025-08-30T22:59:58+00:00","twitter_card":"summary_large_image","twitter_misc":{"Est. reading time":"10 minutes"},"schema":{"@context":"https:\/\/schema.org","@graph":[{"@type":"WebPage","@id":"https:\/\/apcb.ro\/en\/research-center\/","url":"https:\/\/apcb.ro\/en\/research-center\/","name":"Research Center - Asocia\u021bia pentru Cultur\u0103 B\u0103n\u0103\u021bean\u0103 din Timi\u0219oara","isPartOf":{"@id":"https:\/\/apcb.ro\/#website"},"datePublished":"2025-04-30T17:40:04+00:00","dateModified":"2025-08-30T22:59:58+00:00","breadcrumb":{"@id":"https:\/\/apcb.ro\/en\/research-center\/#breadcrumb"},"inLanguage":"en-US","potentialAction":[{"@type":"ReadAction","target":["https:\/\/apcb.ro\/en\/research-center\/"]}]},{"@type":"BreadcrumbList","@id":"https:\/\/apcb.ro\/en\/research-center\/#breadcrumb","itemListElement":[{"@type":"ListItem","position":1,"name":"Prima pagin\u0103","item":"https:\/\/apcb.ro\/en\/"},{"@type":"ListItem","position":2,"name":"Research Center"}]},{"@type":"WebSite","@id":"https:\/\/apcb.ro\/#website","url":"https:\/\/apcb.ro\/","name":"Asocia\u021bia pentru Cultur\u0103 B\u0103n\u0103\u021bean\u0103 din Timi\u0219oara","description":"apcb","potentialAction":[{"@type":"SearchAction","target":{"@type":"EntryPoint","urlTemplate":"https:\/\/apcb.ro\/?s={search_term_string}"},"query-input":{"@type":"PropertyValueSpecification","valueRequired":true,"valueName":"search_term_string"}}],"inLanguage":"en-US"}]}},"_links":{"self":[{"href":"https:\/\/apcb.ro\/en\/wp-json\/wp\/v2\/pages\/697","targetHints":{"allow":["GET"]}}],"collection":[{"href":"https:\/\/apcb.ro\/en\/wp-json\/wp\/v2\/pages"}],"about":[{"href":"https:\/\/apcb.ro\/en\/wp-json\/wp\/v2\/types\/page"}],"author":[{"embeddable":true,"href":"https:\/\/apcb.ro\/en\/wp-json\/wp\/v2\/users\/1"}],"replies":[{"embeddable":true,"href":"https:\/\/apcb.ro\/en\/wp-json\/wp\/v2\/comments?post=697"}],"version-history":[{"count":2,"href":"https:\/\/apcb.ro\/en\/wp-json\/wp\/v2\/pages\/697\/revisions"}],"predecessor-version":[{"id":718,"href":"https:\/\/apcb.ro\/en\/wp-json\/wp\/v2\/pages\/697\/revisions\/718"}],"wp:attachment":[{"href":"https:\/\/apcb.ro\/en\/wp-json\/wp\/v2\/media?parent=697"}],"curies":[{"name":"wp","href":"https:\/\/api.w.org\/{rel}","templated":true}]}}