{"id":658,"date":"2025-03-21T20:33:39","date_gmt":"2025-03-21T18:33:39","guid":{"rendered":"https:\/\/apcb.ro\/home\/"},"modified":"2025-08-31T02:09:22","modified_gmt":"2025-08-30T23:09:22","slug":"home","status":"publish","type":"page","link":"https:\/\/apcb.ro\/en\/","title":{"rendered":"Home"},"content":{"rendered":"<p>[et_pb_section fb_built=&#8221;1&#8243; admin_label=&#8221;Header&#8221; _builder_version=&#8221;4.27.4&#8243; _module_preset=&#8221;default&#8221; background_color=&#8221;#a1b7af&#8221; background_enable_image=&#8221;off&#8221; custom_padding=&#8221;||||false|false&#8221; collapsed=&#8221;on&#8221; global_colors_info=&#8221;{}&#8221;][et_pb_row disabled_on=&#8221;off|off|off&#8221; _builder_version=&#8221;4.27.4&#8243; _module_preset=&#8221;default&#8221; custom_margin=&#8221;||||false|false&#8221; custom_padding=&#8221;0px||0px||true|false&#8221; global_colors_info=&#8221;{}&#8221;][et_pb_column type=&#8221;4_4&#8243; _builder_version=&#8221;4.19.1&#8243; _module_preset=&#8221;default&#8221; global_colors_info=&#8221;{}&#8221;][et_pb_heading title=&#8221;Welcome to our website&#8221; _builder_version=&#8221;4.27.4&#8243; _module_preset=&#8221;default&#8221; animation_style=&#8221;slide&#8221; animation_direction=&#8221;bottom&#8221; animation_intensity_slide=&#8221;10%&#8221; global_colors_info=&#8221;{}&#8221;][\/et_pb_heading][\/et_pb_column][\/et_pb_row][et_pb_row column_structure=&#8221;1_2,1_2&#8243; disabled_on=&#8221;off|off|off&#8221; _builder_version=&#8221;4.27.4&#8243; _module_preset=&#8221;default&#8221; custom_margin=&#8221;||||false|false&#8221; custom_padding=&#8221;0px||0px||true|false&#8221; global_colors_info=&#8221;{}&#8221;][et_pb_column type=&#8221;1_2&#8243; _builder_version=&#8221;4.19.1&#8243; _module_preset=&#8221;default&#8221; global_colors_info=&#8221;{}&#8221;][et_pb_text _builder_version=&#8221;4.27.4&#8243; _module_preset=&#8221;5430c3cd-7406-4966-80a5-ac9272e5f8ae&#8221; text_text_color=&#8221;#040404&#8243; header_3_font=&#8221;|||on|||||&#8221; animation_style=&#8221;slide&#8221; animation_direction=&#8221;bottom&#8221; animation_intensity_slide=&#8221;10%&#8221; global_colors_info=&#8221;{}&#8221;]<\/p>\n<h2><span>Association for Banat Culture, Timi\u0219oara, Romania<\/span><\/h2>\n<p>[\/et_pb_text][et_pb_text _builder_version=&#8221;4.27.4&#8243; _module_preset=&#8221;e3006fe3-bd0f-421a-8256-44215653fa0d&#8221; custom_margin=&#8221;||40px||false|false&#8221; animation_style=&#8221;slide&#8221; animation_direction=&#8221;bottom&#8221; animation_intensity_slide=&#8221;10%&#8221; text_font_size_tablet=&#8221;&#8221; text_font_size_phone=&#8221;&#8221; text_font_size_last_edited=&#8221;on|desktop&#8221; global_colors_info=&#8221;{}&#8221;]<\/p>\n<p><span class=\"x193iq5w xeuugli x13faqbe x1vvkbs x1xmvt09 x1lliihq x1s928wv xhkezso x1gmr53x x1cpjm7i x1fgarty x1943h6x xudqn12 x3x7a5m x6prxxf xvq8zen xo1l8bm xzsf02u\" dir=\"auto\">The association members, as academics and researchers, conduct cultural projects in Ethno-Musicological, Byzantine, and Ethnological research in Banat and within the cultural communities of Romanians abroad.<\/span><\/p>\n<p>[\/et_pb_text][et_pb_button button_url=&#8221;@ET-DC@eyJkeW5hbWljIjp0cnVlLCJjb250ZW50IjoicG9zdF9saW5rX3VybF9wYWdlIiwic2V0dGluZ3MiOnsicG9zdF9pZCI6IjYzIiwiZW5hYmxlX2h0bWwiOiJvZmYifX0=@&#8221; button_text=&#8221;See members&#8221; _builder_version=&#8221;4.27.4&#8243; _dynamic_attributes=&#8221;button_url&#8221; _module_preset=&#8221;3caa01ff-558e-4813-91aa-71996b61dd58&#8243; animation_style=&#8221;slide&#8221; animation_direction=&#8221;bottom&#8221; animation_intensity_slide=&#8221;10%&#8221; hover_enabled=&#8221;0&#8243; global_colors_info=&#8221;{}&#8221; sticky_enabled=&#8221;0&#8243;][\/et_pb_button][\/et_pb_column][et_pb_column type=&#8221;1_2&#8243; _builder_version=&#8221;4.27.4&#8243; _module_preset=&#8221;default&#8221; custom_padding=&#8221;||||false|true&#8221; global_colors_info=&#8221;{}&#8221;][et_pb_image src=&#8221;https:\/\/apcb.ro\/wp-content\/uploads\/2025\/04\/ZVOANE-BANATENE-membrii.jpg&#8221; title_text=&#8221;ZVOANE BANATENE membrii&#8221; _builder_version=&#8221;4.27.4&#8243; _module_preset=&#8221;default&#8221; custom_margin=&#8221;||||false|true&#8221; custom_padding=&#8221;||||true|true&#8221; animation_style=&#8221;slide&#8221; animation_direction=&#8221;bottom&#8221; animation_intensity_slide=&#8221;10%&#8221; border_radii=&#8221;off|30px|||&#8221; global_colors_info=&#8221;{}&#8221;][\/et_pb_image][\/et_pb_column][\/et_pb_row][\/et_pb_section][et_pb_section fb_built=&#8221;1&#8243; admin_label=&#8221;Features&#8221; _builder_version=&#8221;4.27.4&#8243; _module_preset=&#8221;default&#8221; background_color=&#8221;#A1B7AF&#8221; custom_margin=&#8221;||||false|false&#8221; custom_margin_tablet=&#8221;||||false|false&#8221; custom_margin_phone=&#8221;||||false|false&#8221; custom_margin_last_edited=&#8221;on|desktop&#8221; custom_padding=&#8221;0px||0px||false|false&#8221; collapsed=&#8221;on&#8221; global_colors_info=&#8221;{%22gcid-a9d8e14e-2f78-408a-a83c-506939196b52%22:%91%22background_color_gradient_stops%22%93,%22gcid-a4870473-0ec3-40e3-b68b-386afbb8d1b5%22:%91%22background_color_gradient_stops%22%93}&#8221;][et_pb_row column_structure=&#8221;1_4,1_4,1_4,1_4&#8243; use_custom_gutter=&#8221;on&#8221; make_equal=&#8221;on&#8221; _builder_version=&#8221;4.27.4&#8243; _module_preset=&#8221;default&#8221; custom_margin=&#8221;||||false|false&#8221; custom_padding=&#8221;0px||0px||true|true&#8221; global_colors_info=&#8221;{}&#8221;][et_pb_column type=&#8221;1_4&#8243; _builder_version=&#8221;4.27.4&#8243; _module_preset=&#8221;default&#8221; background_color=&#8221;#F5F5F5&#8243; custom_padding=&#8221;40px|40px|24px|40px|false|true&#8221; custom_padding_tablet=&#8221;30px|30px|20px|30px|false|true&#8221; custom_padding_phone=&#8221;24px|24px|14px|24px|false|true&#8221; custom_padding_last_edited=&#8221;on|phone&#8221; border_radii=&#8221;off|30px|||&#8221; global_colors_info=&#8221;{}&#8221;][et_pb_blurb title=&#8221;Competitions&#8221; use_icon=&#8221;on&#8221; font_icon=&#8221;&#xf091;||fa||900&#8243; icon_color=&#8221;#040404&#8243; image_icon_background_color=&#8221;RGBA(255,255,255,0)&#8221; image_icon_width=&#8221;24px&#8221; _builder_version=&#8221;4.27.4&#8243; _module_preset=&#8221;950c9499-5c70-4efd-96e6-2639c78a56b0&#8243; header_text_color=&#8221;#040404&#8243; header_font_size_tablet=&#8221;&#8221; header_font_size_phone=&#8221;&#8221; header_font_size_last_edited=&#8221;on|phone&#8221; border_style_all_image=&#8221;solid&#8221; locked=&#8221;off&#8221; global_colors_info=&#8221;{}&#8221;][\/et_pb_blurb][\/et_pb_column][et_pb_column type=&#8221;1_4&#8243; _builder_version=&#8221;4.27.4&#8243; _module_preset=&#8221;default&#8221; background_color=&#8221;#040404&#8243; custom_padding=&#8221;40px|40px|24px|40px|false|true&#8221; custom_padding_tablet=&#8221;30px|30px|20px|30px|false|true&#8221; custom_padding_phone=&#8221;24px|24px|14px|24px|false|true&#8221; custom_padding_last_edited=&#8221;on|tablet&#8221; border_radii=&#8221;off|30px|||&#8221; global_colors_info=&#8221;{}&#8221;][et_pb_blurb title=&#8221;Masterclasses&#8221; use_icon=&#8221;on&#8221; font_icon=&#8221;&#xf501;||fa||900&#8243; icon_color=&#8221;#F5F5F5&#8243; image_icon_background_color=&#8221;RGBA(255,255,255,0)&#8221; image_icon_width=&#8221;24px&#8221; _builder_version=&#8221;4.27.4&#8243; _module_preset=&#8221;c897d2cb-e2e9-4144-955a-77d042e5801f&#8221; header_text_color=&#8221;#F5F5F5&#8243; header_font_size_tablet=&#8221;20px&#8221; header_font_size_phone=&#8221;20px&#8221; header_font_size_last_edited=&#8221;on|phone&#8221; locked=&#8221;off&#8221; global_colors_info=&#8221;{}&#8221;][\/et_pb_blurb][\/et_pb_column][et_pb_column type=&#8221;1_4&#8243; _builder_version=&#8221;4.27.4&#8243; _module_preset=&#8221;default&#8221; background_color=&#8221;#F5F5F5&#8243; custom_padding=&#8221;40px|40px|24px|40px|false|true&#8221; custom_padding_tablet=&#8221;30px|30px|20px|30px|false|true&#8221; custom_padding_phone=&#8221;24px|24px|14px|24px|false|true&#8221; custom_padding_last_edited=&#8221;on|tablet&#8221; border_radii=&#8221;off|30px|||&#8221; global_colors_info=&#8221;{}&#8221;][et_pb_blurb title=&#8221;Concerts&#8221; use_icon=&#8221;on&#8221; font_icon=&#8221;&#xf001;||fa||900&#8243; icon_color=&#8221;#040404&#8243; image_icon_width=&#8221;24px&#8221; _builder_version=&#8221;4.27.4&#8243; _module_preset=&#8221;c897d2cb-e2e9-4144-955a-77d042e5801f&#8221; header_text_color=&#8221;#040404&#8243; background_layout=&#8221;dark&#8221; header_font_size_tablet=&#8221;20px&#8221; header_font_size_phone=&#8221;20px&#8221; header_font_size_last_edited=&#8221;on|phone&#8221; locked=&#8221;off&#8221; global_colors_info=&#8221;{}&#8221;][\/et_pb_blurb][\/et_pb_column][et_pb_column type=&#8221;1_4&#8243; _builder_version=&#8221;4.27.4&#8243; _module_preset=&#8221;default&#8221; background_color=&#8221;#040404&#8243; custom_padding=&#8221;40px|40px|24px|40px|false|true&#8221; custom_padding_tablet=&#8221;30px|30px|20px|30px|false|true&#8221; custom_padding_phone=&#8221;24px|24px|14px|24px|false|true&#8221; custom_padding_last_edited=&#8221;on|tablet&#8221; border_radii=&#8221;off|30px|||&#8221; global_colors_info=&#8221;{%22gcid-a4870473-0ec3-40e3-b68b-386afbb8d1b5%22:%91%22background_color%22%93}&#8221;][et_pb_blurb title=&#8221;Exhibitions&#8221; use_icon=&#8221;on&#8221; font_icon=&#8221;&#xf03e;||fa||900&#8243; icon_color=&#8221;#F5F5F5&#8243; image_icon_background_color=&#8221;RGBA(255,255,255,0)&#8221; image_icon_width=&#8221;24px&#8221; _builder_version=&#8221;4.27.4&#8243; _module_preset=&#8221;c897d2cb-e2e9-4144-955a-77d042e5801f&#8221; header_text_color=&#8221;#F5F5F5&#8243; header_font_size_tablet=&#8221;20px&#8221; header_font_size_phone=&#8221;20px&#8221; header_font_size_last_edited=&#8221;on|phone&#8221; locked=&#8221;off&#8221; global_colors_info=&#8221;{}&#8221;][\/et_pb_blurb][\/et_pb_column][\/et_pb_row][\/et_pb_section][et_pb_section fb_built=&#8221;1&#8243; admin_label=&#8221;Call to Action&#8221; _builder_version=&#8221;4.27.4&#8243; _module_preset=&#8221;default&#8221; background_color=&#8221;#040404&#8243; custom_padding=&#8221;0px||0px||true|false&#8221; collapsed=&#8221;on&#8221; global_colors_info=&#8221;{}&#8221;][et_pb_row column_structure=&#8221;1_2,1_2&#8243; use_custom_gutter=&#8221;on&#8221; make_equal=&#8221;on&#8221; _builder_version=&#8221;4.27.4&#8243; _module_preset=&#8221;default&#8221; width=&#8221;100%&#8221; max_width=&#8221;none&#8221; custom_padding=&#8221;0px||0px||true|false&#8221; global_colors_info=&#8221;{}&#8221;][et_pb_column type=&#8221;1_2&#8243; _builder_version=&#8221;4.27.4&#8243; _module_preset=&#8221;default&#8221; background_image=&#8221;https:\/\/apcb.ro\/wp-content\/uploads\/2025\/04\/POZA-ZVOANE-BANATENE-e1744571251242.jpg&#8221; global_colors_info=&#8221;{}&#8221;][et_pb_divider show_divider=&#8221;off&#8221; _builder_version=&#8221;4.19.1&#8243; _module_preset=&#8221;default&#8221; height_tablet=&#8221;40vw&#8221; height_phone=&#8221;40vw&#8221; height_last_edited=&#8221;on|tablet&#8221; global_colors_info=&#8221;{}&#8221;][\/et_pb_divider][\/et_pb_column][et_pb_column type=&#8221;1_2&#8243; _builder_version=&#8221;4.27.4&#8243; _module_preset=&#8221;default&#8221; background_color=&#8221;#040404&#8243; custom_padding=&#8221;8%|8%|8%|8%|true|true&#8221; global_colors_info=&#8221;{}&#8221;][et_pb_text _builder_version=&#8221;4.27.4&#8243; _module_preset=&#8221;5fa0b1c7-d777-49f8-be44-ed25c8208768&#8243; header_2_text_color=&#8221;#F5F5F5&#8243; header_2_font_size=&#8221;32px&#8221; animation_style=&#8221;slide&#8221; animation_direction=&#8221;bottom&#8221; animation_intensity_slide=&#8221;10%&#8221; header_2_font_size_tablet=&#8221;32px&#8221; header_2_font_size_phone=&#8221;32px&#8221; global_colors_info=&#8221;{}&#8221; header_text_color__hover_enabled=&#8221;on|desktop&#8221;]<\/p>\n<h2>The academic ensemble of traditional music &#8220;Zvoane B\u0103n\u0103\u021bene&#8221;<\/h2>\n<p>[\/et_pb_text][et_pb_text _builder_version=&#8221;4.27.4&#8243; _module_preset=&#8221;e3006fe3-bd0f-421a-8256-44215653fa0d&#8221; text_text_color=&#8221;#F5F5F5&#8243; custom_margin=&#8221;24px||40px||false|false&#8221; animation_style=&#8221;slide&#8221; animation_direction=&#8221;bottom&#8221; animation_intensity_slide=&#8221;10%&#8221; global_colors_info=&#8221;{}&#8221;]<\/p>\n<p>The particularity of the repertoire performed by the members of ZVOANE BAN\u0102N\u0102\u021aENE consists mainly of musical archives with an age of more than a hundred years &#8211; the result of the involvement in collecting peasant music by Banat folklorists Tiberiu Brediceanu, B\u00e9la Bart\u00f3k, Sabin V. Dr\u0103goi, Nicolae Ursu &#8211; but also newer repertoires, which remain faithful to authentic sounds with distinct particularities that can be included in the national cultural heritage.<\/p>\n<p>[\/et_pb_text][et_pb_button button_url=&#8221;@ET-DC@eyJkeW5hbWljIjp0cnVlLCJjb250ZW50IjoicG9zdF9saW5rX3VybF9wYWdlIiwic2V0dGluZ3MiOnsicG9zdF9pZCI6IjIxMyIsImVuYWJsZV9odG1sIjoib2ZmIn19@&#8221; button_text=&#8221;Read more&#8221; _builder_version=&#8221;4.27.4&#8243; _dynamic_attributes=&#8221;button_url&#8221; _module_preset=&#8221;5ad64efb-aa69-420a-8489-873576d3d6d3&#8243; button_text_size=&#8221;16px&#8221; button_bg_color=&#8221;#F5F5F5&#8243; button_use_icon=&#8221;off&#8221; custom_margin=&#8221;||80px||false|false&#8221; animation_style=&#8221;slide&#8221; animation_direction=&#8221;bottom&#8221; animation_intensity_slide=&#8221;10%&#8221; hover_enabled=&#8221;0&#8243; global_colors_info=&#8221;{}&#8221; sticky_enabled=&#8221;0&#8243;][\/et_pb_button][\/et_pb_column][\/et_pb_row][\/et_pb_section]<\/p>\n","protected":false},"excerpt":{"rendered":"<p>Association for Banat Culture, Timi\u0219oara, RomaniaThe association members, as academics and researchers, conduct cultural projects in Ethno-Musicological, Byzantine, and Ethnological research in Banat and within the cultural communities of Romanians abroad.The academic ensemble of traditional music &#8220;Zvoane B\u0103n\u0103\u021bene&#8221;The particularity of the repertoire performed by the members of ZVOANE BAN\u0102N\u0102\u021aENE consists mainly of musical archives with [&hellip;]<\/p>\n","protected":false},"author":1,"featured_media":0,"parent":0,"menu_order":0,"comment_status":"closed","ping_status":"closed","template":"","meta":{"_et_pb_use_builder":"on","_et_pb_old_content":"","_et_gb_content_width":"","_monsterinsights_skip_tracking":false,"_monsterinsights_sitenote_active":false,"_monsterinsights_sitenote_note":"","_monsterinsights_sitenote_category":0,"footnotes":""},"class_list":["post-658","page","type-page","status-publish","hentry"],"yoast_head":"<!-- This site is optimized with the Yoast SEO plugin v26.8 - https:\/\/yoast.com\/product\/yoast-seo-wordpress\/ -->\n<title>Home - Asocia\u021bia pentru Cultur\u0103 B\u0103n\u0103\u021bean\u0103 din Timi\u0219oara<\/title>\n<meta name=\"robots\" content=\"index, follow, max-snippet:-1, max-image-preview:large, max-video-preview:-1\" \/>\n<link rel=\"canonical\" href=\"https:\/\/apcb.ro\/en\/\" \/>\n<meta property=\"og:locale\" content=\"en_US\" \/>\n<meta property=\"og:type\" content=\"article\" \/>\n<meta property=\"og:title\" content=\"Home - Asocia\u021bia pentru Cultur\u0103 B\u0103n\u0103\u021bean\u0103 din Timi\u0219oara\" \/>\n<meta property=\"og:description\" content=\"Association for Banat Culture, Timi\u0219oara, RomaniaThe association members, as academics and researchers, conduct cultural projects in Ethno-Musicological, Byzantine, and Ethnological research in Banat and within the cultural communities of Romanians abroad.The academic ensemble of traditional music &quot;Zvoane B\u0103n\u0103\u021bene&quot;The particularity of the repertoire performed by the members of ZVOANE BAN\u0102N\u0102\u021aENE consists mainly of musical archives with [&hellip;]\" \/>\n<meta property=\"og:url\" content=\"https:\/\/apcb.ro\/en\/\" \/>\n<meta property=\"og:site_name\" content=\"Asocia\u021bia pentru Cultur\u0103 B\u0103n\u0103\u021bean\u0103 din Timi\u0219oara\" \/>\n<meta property=\"article:modified_time\" content=\"2025-08-30T23:09:22+00:00\" \/>\n<meta name=\"twitter:card\" content=\"summary_large_image\" \/>\n<meta name=\"twitter:label1\" content=\"Est. reading time\" \/>\n\t<meta name=\"twitter:data1\" content=\"7 minutes\" \/>\n<script type=\"application\/ld+json\" class=\"yoast-schema-graph\">{\"@context\":\"https:\/\/schema.org\",\"@graph\":[{\"@type\":\"WebPage\",\"@id\":\"https:\/\/apcb.ro\/en\/\",\"url\":\"https:\/\/apcb.ro\/en\/\",\"name\":\"Home - Asocia\u021bia pentru Cultur\u0103 B\u0103n\u0103\u021bean\u0103 din Timi\u0219oara\",\"isPartOf\":{\"@id\":\"https:\/\/apcb.ro\/#website\"},\"datePublished\":\"2025-03-21T18:33:39+00:00\",\"dateModified\":\"2025-08-30T23:09:22+00:00\",\"breadcrumb\":{\"@id\":\"https:\/\/apcb.ro\/en\/#breadcrumb\"},\"inLanguage\":\"en-US\",\"potentialAction\":[{\"@type\":\"ReadAction\",\"target\":[\"https:\/\/apcb.ro\/en\/\"]}]},{\"@type\":\"BreadcrumbList\",\"@id\":\"https:\/\/apcb.ro\/en\/#breadcrumb\",\"itemListElement\":[{\"@type\":\"ListItem\",\"position\":1,\"name\":\"Prima pagin\u0103\",\"item\":\"https:\/\/apcb.ro\/en\/\"},{\"@type\":\"ListItem\",\"position\":2,\"name\":\"Home\"}]},{\"@type\":\"WebSite\",\"@id\":\"https:\/\/apcb.ro\/#website\",\"url\":\"https:\/\/apcb.ro\/\",\"name\":\"Asocia\u021bia pentru Cultur\u0103 B\u0103n\u0103\u021bean\u0103 din Timi\u0219oara\",\"description\":\"apcb\",\"potentialAction\":[{\"@type\":\"SearchAction\",\"target\":{\"@type\":\"EntryPoint\",\"urlTemplate\":\"https:\/\/apcb.ro\/?s={search_term_string}\"},\"query-input\":{\"@type\":\"PropertyValueSpecification\",\"valueRequired\":true,\"valueName\":\"search_term_string\"}}],\"inLanguage\":\"en-US\"}]}<\/script>\n<!-- \/ Yoast SEO plugin. -->","yoast_head_json":{"title":"Home - Asocia\u021bia pentru Cultur\u0103 B\u0103n\u0103\u021bean\u0103 din Timi\u0219oara","robots":{"index":"index","follow":"follow","max-snippet":"max-snippet:-1","max-image-preview":"max-image-preview:large","max-video-preview":"max-video-preview:-1"},"canonical":"https:\/\/apcb.ro\/en\/","og_locale":"en_US","og_type":"article","og_title":"Home - Asocia\u021bia pentru Cultur\u0103 B\u0103n\u0103\u021bean\u0103 din Timi\u0219oara","og_description":"Association for Banat Culture, Timi\u0219oara, RomaniaThe association members, as academics and researchers, conduct cultural projects in Ethno-Musicological, Byzantine, and Ethnological research in Banat and within the cultural communities of Romanians abroad.The academic ensemble of traditional music \"Zvoane B\u0103n\u0103\u021bene\"The particularity of the repertoire performed by the members of ZVOANE BAN\u0102N\u0102\u021aENE consists mainly of musical archives with [&hellip;]","og_url":"https:\/\/apcb.ro\/en\/","og_site_name":"Asocia\u021bia pentru Cultur\u0103 B\u0103n\u0103\u021bean\u0103 din Timi\u0219oara","article_modified_time":"2025-08-30T23:09:22+00:00","twitter_card":"summary_large_image","twitter_misc":{"Est. reading time":"7 minutes"},"schema":{"@context":"https:\/\/schema.org","@graph":[{"@type":"WebPage","@id":"https:\/\/apcb.ro\/en\/","url":"https:\/\/apcb.ro\/en\/","name":"Home - Asocia\u021bia pentru Cultur\u0103 B\u0103n\u0103\u021bean\u0103 din Timi\u0219oara","isPartOf":{"@id":"https:\/\/apcb.ro\/#website"},"datePublished":"2025-03-21T18:33:39+00:00","dateModified":"2025-08-30T23:09:22+00:00","breadcrumb":{"@id":"https:\/\/apcb.ro\/en\/#breadcrumb"},"inLanguage":"en-US","potentialAction":[{"@type":"ReadAction","target":["https:\/\/apcb.ro\/en\/"]}]},{"@type":"BreadcrumbList","@id":"https:\/\/apcb.ro\/en\/#breadcrumb","itemListElement":[{"@type":"ListItem","position":1,"name":"Prima pagin\u0103","item":"https:\/\/apcb.ro\/en\/"},{"@type":"ListItem","position":2,"name":"Home"}]},{"@type":"WebSite","@id":"https:\/\/apcb.ro\/#website","url":"https:\/\/apcb.ro\/","name":"Asocia\u021bia pentru Cultur\u0103 B\u0103n\u0103\u021bean\u0103 din Timi\u0219oara","description":"apcb","potentialAction":[{"@type":"SearchAction","target":{"@type":"EntryPoint","urlTemplate":"https:\/\/apcb.ro\/?s={search_term_string}"},"query-input":{"@type":"PropertyValueSpecification","valueRequired":true,"valueName":"search_term_string"}}],"inLanguage":"en-US"}]}},"_links":{"self":[{"href":"https:\/\/apcb.ro\/en\/wp-json\/wp\/v2\/pages\/658","targetHints":{"allow":["GET"]}}],"collection":[{"href":"https:\/\/apcb.ro\/en\/wp-json\/wp\/v2\/pages"}],"about":[{"href":"https:\/\/apcb.ro\/en\/wp-json\/wp\/v2\/types\/page"}],"author":[{"embeddable":true,"href":"https:\/\/apcb.ro\/en\/wp-json\/wp\/v2\/users\/1"}],"replies":[{"embeddable":true,"href":"https:\/\/apcb.ro\/en\/wp-json\/wp\/v2\/comments?post=658"}],"version-history":[{"count":3,"href":"https:\/\/apcb.ro\/en\/wp-json\/wp\/v2\/pages\/658\/revisions"}],"predecessor-version":[{"id":726,"href":"https:\/\/apcb.ro\/en\/wp-json\/wp\/v2\/pages\/658\/revisions\/726"}],"wp:attachment":[{"href":"https:\/\/apcb.ro\/en\/wp-json\/wp\/v2\/media?parent=658"}],"curies":[{"name":"wp","href":"https:\/\/api.w.org\/{rel}","templated":true}]}}